{"id":3,"date":"2022-03-24T16:34:51","date_gmt":"2022-03-24T15:34:51","guid":{"rendered":"https:\/\/www.fernuni-hagen.de\/digitale-hermeneutik\/?page_id=3"},"modified":"2023-12-05T17:05:11","modified_gmt":"2023-12-05T16:05:11","slug":"datenschutzerklaerung","status":"publish","type":"page","link":"https:\/\/www.fernuni-hagen.de\/digitale-hermeneutik\/datenschutzerklaerung\/","title":{"rendered":"Datenschutzerkl\u00e4rung"},"content":{"rendered":"<h2 id=\"i-name-und-anschrift-des-verantwortlichen\">I. Name und Anschrift des Verantwortlichen<\/h2>\n<p>Die Verantwortliche im Sinne der EU-Datenschutz-Grundverordnung und der jeweils einschl\u00e4gigen nationalen Datenschutzgesetze der Mitgliedsstaaten sowie sonstiger datenschutzrechtlicher Bestimmungen<br \/>\n(\u201eStelle, die \u00fcber die Zwecke und Mittel der Verarbeitung personenbezogener Daten entscheidet\u201c) ist die<br \/>\nFernUniversit\u00e4t in Hagen Universit\u00e4tsstra\u00dfe 47 58097 Hagen<br \/>\nK\u00f6rperschaft des \u00d6ffentlichen Rechts vertreten durch<br \/>\ndie Rektorin<br \/>\nTel.: +49 2331 987-2400<br \/>\nE-Mail: <a class=\"url\" href=\"mailto:rektorin@fernuni-hagen.de\" target=\"_blank\" rel=\"noopener\">rektorin@fernuni-hagen.de<\/a><\/p>\n<h2 id=\"ii-kontaktdaten-derdes-datenschutzbeauftragten\">II. Kontaktdaten der\/des Datenschutzbeauftragten<\/h2>\n<p>Erreichbarkeit des beh\u00f6rdlich bestellten Datenschutzbeauftragten:<br \/>\nPostanschrift:<br \/>\nDatenschutzbeauftragter der FernUniversit\u00e4t in Hagen 58084 Hagen<br \/>\nHausanschrift: Universit\u00e4tsstra\u00dfe 27 58097 Hagen<br \/>\nTel.: +49 2331 987-2511<br \/>\nE-Mail: Datenschutzbeauftragter<br \/>\nWebsite Datenschutzbeauftragter<\/p>\n<h2 id=\"iii-allgemeines-zur-datenverarbeitung\">III. Allgemeines zur Datenverarbeitung<\/h2>\n<p>Datenverarbeitungsvorg\u00e4nge umfassen das Erheben, Erfassen, Organisieren, Ordnen, Speichern, Anpassen, Ver\u00e4ndern, Auslesen, Abfragen, \u00dcbermitteln und L\u00f6schen von personenbezogenen oder personenbeziehbaren Daten. Personenbezogene oder personenbeziehbare Daten (nachfolgend kurz: personenbezogene Daten) sind alle Informationen, die sich auf eine identifizierte oder identifizierbare nat\u00fcrliche Person beziehen und Ausdruck ihrer Identit\u00e4t sind.<br \/>\nDie FernUniversit\u00e4t in Hagen als K\u00f6rperschaft des \u00d6ffentlichen Rechts verarbeitet personenbezogene Daten auf Grundlage der EU-Datenschutz-Grundverordnung (DSGVO) sowie der einschl\u00e4gigen nationalen Datenschutzgesetze und -bestimmungen der Bundesrepublik Deutschland und des Landes Nordrhein-Westfalen, die erg\u00e4nzend oder nachrangig zu den Vorschriften der Europ\u00e4ischen Union Anwendung finden. Dies ist nach seinem Inkrafttreten insbesondere das Datenschutzgesetz des Landes Nordrhein-Westfalen in seiner an die DSGVO angepassten Fassung.<br \/>\nDer Zweck, Umfang und die Dauer unserer Datenverarbeitungsvorg\u00e4nge richtet sich in den meisten F\u00e4llen nach dem gesetzlichen Auftrag der Hochschule gem\u00e4\u00df \u00a7 3 Hochschulgesetz NRW und der damit in Verbindung stehenden Rechtsnormen. Dieser Auftrag umfasst insbesondere die Pflege und Entwicklung der Wissenschaften durch Forschung, Lehre, Studium, wissenschaftlicher Nachwuchsf\u00f6rderung und Wissenstransfer unter Ber\u00fccksichtigung der sozialen und demokratischen Verantwortung. Besonderes Einsatzgebiet der FernUniversit\u00e4t in Hagen ist die F\u00f6rderung und Entwicklung des Fernstudiums. Des Weiteren unterliegt die Hochschule bei der Erf\u00fcllung ihres Auftrags diversen gesetzlichen Verpflichtungen (z.B. des Finanzrechts), die eine Verarbeitung von personenbezogenen Daten erforderlich machen. In Erf\u00fcllung ihrer Aufgaben ist die FernUniversit\u00e4t au\u00dferdem verpflichtet, alle erforderlichen technischen und organisatorischen Ma\u00dfnahmen zu treffen, um die Sicherheit Ihrer personenbezogenen Daten zu gew\u00e4hrleisten. Auch diese Ma\u00dfnahmen k\u00f6nnen die Verarbeitung von personenbezogenen Daten bedingen. (Rechtm\u00e4\u00dfigkeitsgrundlage in der DSGVO: Art. 6 Abs. 1 lit. e)<\/p>\n<p>Weitere Informationen zu den Datenverarbeitungsvorg\u00e4ngen finden Sie in den zentralen Ordnungen und Regularien der Hochschule (z.B. der Zulassungs- und Einschreibungsordnung) sowie in den Nutzungshinweisen zu den einzelnen Anwendungen.<\/p>\n<p>Dar\u00fcber hinaus kann eine Datenverarbeitung erfolgen, sofern Sie hierzu Ihre explizite, jederzeit widerrufbare Einwilligung gegeben haben. (Rechtm\u00e4\u00dfigkeitsgrundlage in der DSGVO: Art. 6 Abs. 1 lit. a)<\/p>\n<p>Werden personenbezogene Daten von Ihnen verarbeitet, sind Sie Betroffene\/r i.S.d. DSGVO. Rechte, die Ihnen als Betroffene\/r gegen\u00fcber der FernUniversit\u00e4t zustehen, finden Sie im letzten Abschnitt dieser Erkl\u00e4rung.<\/p>\n<p><em><strong>Hinweis:<\/strong><\/em><\/p>\n<p>Die FernUniversit\u00e4t ist als Hochschule dezentral in Fachbereichen bzw. Fakult\u00e4ten organisiert und verf\u00fcgt neben der Hochschulverwaltung \u00fcber wissenschaftliche Einrichtungen und Betriebseinheiten. Die dezentrale Organisation spiegelt sich auch im Aufbau der IT-Systemlandschaft und den Websites wieder. Um Ihnen dennoch einen m\u00f6glichst einheitlichen \u00dcberblick \u00fcber die Datenverarbeitungsvorg\u00e4nge zu erm\u00f6glichen, bildet diese Datenschutzerkl\u00e4rung den \u00fcbergeordneten, verbindlichen Rahmen. Dort, wo Websites oder IT-Anwendungen eine zul\u00e4ssige weitere oder erg\u00e4nzende Datenverarbeitung vorsehen, werden Sie auf der Seite selbst informiert.<\/p>\n<h2 id=\"iv-datenverarbeitungsvorg\u00e4nge-beim-aufruf-dieser-website\">IV. Datenverarbeitungsvorg\u00e4nge beim Aufruf dieser Website<\/h2>\n<h3 id=\"1-bereitstellung-der-website-und-erstellung-von-logfiles\">1. Bereitstellung der Website und Erstellung von Logfiles<\/h3>\n<h4 id=\"umfang-der-datenverarbeitung-1\">Umfang der Datenverarbeitung<\/h4>\n<p>Bei jedem Aufruf unserer Internetseite erfasst unser System automatisiert Daten und Informationen vom Computersystem des aufrufenden Rechners. Folgende Daten werden hierbei erhoben:<br \/>\n1. Informationen \u00fcber den Browsertyp und die verwendete Version 2. Betriebssystem des Nutzenden<br \/>\n3. IP-Adresse des Nutzenden<br \/>\n4. Datum und Uhrzeit des Zugriffs<\/p>\n<p>5. Websites, von denen das System des Nutzenden auf unsere Internetseite gelangt<\/p>\n<p>Wir weisen Sie darauf hin, dass die Daten\u00fcbertragung \u00fcber das Internet generell von anderen Internet-Betreibern und Nutzenden aufgezeichnet werden kann.<br \/>\nUm Ihre \u00dcbermittelung der Daten bestm\u00f6glich zu sch\u00fctzen, nutzt die FernUniversit\u00e4t u.a. eine SSL-Verschl\u00fcsselung . S\u00e4mtliche Daten, welche Sie an diese Website \u00fcbermitteln \u2013 etwa bei Anfragen oder Logins \u2013 k\u00f6nnen dank SSL-Verschl\u00fcsselung nicht von Dritten gelesen werden. Sie erkennen derart verschl\u00fcsselte Verbindungen an dem Pr\u00e4fix \u201chttps:\/\/\u201c im Seitenlink in der Adresszeile und durch das Schloss Symbol in der Adressleiste Ihres Browsers. Unverschl\u00fcsselte Seite sind durch \u201ehttp:\/\/\u201c gekennzeichnet. Sollte ein Link in der Browserleiste nicht explizit mit dem Pr\u00e4fix \u201ehttps:\/\/\u201c sichtbar sein, k\u00f6nnen Sie jederzeit durch die Ersetzung des Pr\u00e4fix \u201ehttp:\/\/\u201c durch \u201ehttps:\/\/\u201c eine SSL- gesch\u00fctzte Verbindung herstellen.<\/p>\n<h4 id=\"dauer-der-datenverarbeitung-1\">Dauer der Datenverarbeitung<\/h4>\n<p>Die Zugriffsdaten werden in den Logfiles unseres Systems tageweise f\u00fcr die Dauer von 7 Tagen gespeichert. Danach erfolgt die L\u00f6schung des jeweils \u00e4ltesten Logfiles.<br \/>\nEine dar\u00fcberhinausgehende Speicherung ist m\u00f6glich. In diesem Fall werden die IP- Adressen der Nutzenden gel\u00f6scht oder verfremdet , sodass eine Zuordnung des aufrufenden Clients nicht mehr m\u00f6glich ist.<\/p>\n<h4 id=\"zweck-der-datenverarbeitung-1\">Zweck der Datenverarbeitung<\/h4>\n<p>Die Speicherung in Logfiles erfolgt, um die Website bereitzustellen und dessen Funktionsf\u00e4higkeit zu sichern. \u00dcber die Dauer des Kommunikationsvorgangs hinaus dienen uns die Daten zur technischen Fehleranalyse sowie zur Sicherstellung der Sicherheit unserer informationstechnischen Systeme. Eine Auswertung der Daten zu Marketingzwecken findet in diesem Zusammenhang nicht statt. Eine Speicherung dieser Daten zusammen mit anderen personenbezogenen Daten des Nutzenden findet nicht statt. Die dar\u00fcberhinausgehende Speicherung der verfremdeten Daten dient der Optimierung der Website und statistischen Auswertungen.<\/p>\n<h4 id=\"rechtsgrundlage-der-datenverarbeitung-1\">Rechtsgrundlage der Datenverarbeitung<\/h4>\n<p>Rechtsgrundlage f\u00fcr die vor\u00fcbergehende Speicherung der Daten und der Logfiles ist Art. 6 Abs. 1 lit. e DSGVO.<br \/>\nWiderspruchs- und Beseitigungsm\u00f6glichkeit<br \/>\nDie Erfassung der Daten zur Bereitstellung der Website und die Speicherung der Daten in Logfiles ist f\u00fcr den Betrieb der Internetseite zwingend erforderlich. Es besteht folglich seitens des Nutzendens keine Widerspruchsm\u00f6glichkeit.<\/p>\n<h3 id=\"2-verwendung-von-cookies\">2. Verwendung von Cookies<\/h3>\n<h4 id=\"umfang-der-datenverarbeitung-2\">Umfang der Datenverarbeitung<\/h4>\n<p>Unsere Webseite verwendet Cookies. Bei Cookies handelt es sich um Textdateien, die beim Aufruf einer Website im Internetbrowser bzw. vom Internetbrowser auf dem Computersystem des Nutzenden gespeichert werden, sofern Sie dem zugestimmt haben. Diese Cookies enthalten eine charakteristische Zeichenfolge, die eine eindeutige Identifizierung des Browsers beim erneuten Aufrufen der Website erm\u00f6glicht.<\/p>\n<p>Einige Elemente unserer Internetseite erfordern es, dass der aufrufende Browser auch nach einem Seitenwechsel identifiziert werden kann (technisch notwendige Cookies). In technisch notwendigen Cookies werden folgende Daten gespeichert und \u00fcbermittelt:<\/p>\n<h4 id=\"dauer-der-datenverarbeitung-2\">Dauer der Datenverarbeitung<\/h4>\n<p>Cookies werden auf dem Rechner der Nutzenden gespeichert und von diesem an unsere Seite \u00fcbermittelt. Daher haben Sie als Nutzende\/r auch die volle Kontrolle \u00fcber die Verwendung von Cookies. Durch eine \u00c4nderung der Einstellungen in Ihrem Internetbrowser k\u00f6nnen Sie die \u00dcbertragung von Cookies deaktivieren oder einschr\u00e4nken. Bereits gespeicherte Cookies k\u00f6nnen jederzeit gel\u00f6scht werden. Dies kann auch automatisiert erfolgen.<\/p>\n<h4 id=\"zweck-der-datenverarbeitung-2\">Zweck der Datenverarbeitung<\/h4>\n<p>Der Zweck der Verwendung technisch notwendiger Cookies ist, die Nutzung von Websites f\u00fcr die Nutzenden zu vereinfachen.<br \/>\nRechtsgrundlage der Datenverarbeitung Die Rechtsgrundlage ist in IV.6 einsehbar.<br \/>\nWiderspruchs- und Beseitigungsm\u00f6glichkeit s. Dauer der Datenverarbeitung<\/p>\n<h4 id=\"rechtsgrundlage-der-datenverarbeitung-2\">Rechtsgrundlage der Datenverarbeitung<\/h4>\n<p>Rechtsgrundlage f\u00fcr die Verarbeitung der anonymisierten Daten der Nutzenden bei der Bereitstellung der Informationsseite der FernUniversit\u00e4t ist Art. 6 Abs. 1 lit. e DSGVO i.V.m. \u00a7 3 HG NRW. Durch die Anonymisierung der IP-Adresse wird dem Interesse der Nutzenden an deren Schutz personenbezogener Daten hinreichend Rechnung getragen.<\/p>\n<h3 id=\"2-inhalte-von-drittanbietern\">2. Inhalte von Drittanbietern<\/h3>\n<p>Auf einzelnen Seiten unserer Webseiten sind Inhalte folgender Drittanbieter eingebettet: Facebook, YouTube, Instagram, Twitter, Yumpu, OpenStreetMap, GoogleMaps. Beim Aufruf entsprechender Seiten werden gegebenenfalls die uns \u00fcbermittelten Daten von Drittanbietern abgerufen. Die FernUniversit\u00e4t hat keinen Einfluss auf Art und Umfang der durch diese Drittanbieter verarbeiteten Daten, die Art der Verarbeitung und Nutzung oder die Weitergabe dieser Daten an Dritte.<br \/>\nBitte informieren Sie sich auf den entsprechenden Seiten der Drittanbieter \u00fcber deren Datenschutzbestimmungen. Die FernUniversit\u00e4t ist bem\u00fcht, die Daten\u00fcbermittlung durch technische Voreinstellungen zu minimieren.<br \/>\nIhre aktuellen Einstellungen f\u00fcr unsere Website:<br \/>\nInhalte von Instagram anzeigen Inhalte von Twitter anzeigen Inhalte von Facebook anzeigen<\/p>\n<p>Inhalte von Yumpu anzeigen Inhalte von Youtube anzeigen<br \/>\nEntfernen Sie einfach den Optionshaken vor dem jeweiligen Drittanbieter, dann werden Ihnen dessen Inhalte nicht mehr angezeigt. Ihre Auswahl wird mit Hilfe eines Cookies auf Ihrem Rechner gespeichert. Dies kann von Ihnen durch erneutes Zustimmen hier oder auf der betreffenden Webseite wieder r\u00fcckg\u00e4ngig gemacht werden.<\/p>\n<h2 id=\"v-rechte-der-betroffenen-person\">V. Rechte der betroffenen Person<\/h2>\n<h3 id=\"1-auskunftsrecht----art-15-dsgvo\">1. Auskunftsrecht \u2013 Art 15 DSGVO<\/h3>\n<p>Sie k\u00f6nnen von der FernUniversit\u00e4t eine Best\u00e4tigung dar\u00fcber verlangen, ob personenbezogene Daten, die Sie betreffen, von uns verarbeitet werden.<br \/>\nLiegt eine solche Verarbeitung vor, k\u00f6nnen Sie \u00fcber folgende Informationen Auskunft verlangen:<br \/>\n1. die Zwecke, zu denen die personenbezogenen Daten verarbeitet werden;<br \/>\n2. die Kategorien von personenbezogenen Daten, welche verarbeitet werden;<br \/>\n3. die Empf\u00e4nger bzw. die Kategorien von Empf\u00e4ngern, gegen\u00fcber denen die Sie betreffenden personenbezogenen Daten offengelegt wurden oder noch offengelegt werden;<br \/>\n4. die geplante Dauer der Speicherung der Sie betreffenden personenbezogenen Daten oder, falls konkrete Angaben hierzu nicht m\u00f6glich sind, Kriterien f\u00fcr die Festlegung der Speicherdauer;<br \/>\n5. das Bestehen eines Rechts auf Berichtigung oder L\u00f6schung der Sie betreffenden personenbezogenen Daten, eines Rechts auf Einschr\u00e4nkung der Verarbeitung durch den Verantwortlichen oder eines Widerspruchsrechts gegen diese Verarbeitung;<br \/>\n6. das Bestehen eines Beschwerderechts bei einer Aufsichtsbeh\u00f6rde;<br \/>\n7. alle verf\u00fcgbaren Informationen \u00fcber die Herkunft der Daten, wenn die personenbezogenen Daten nicht bei der betroffenen Person erhoben werden;<br \/>\n8. das Bestehen einer automatisierten Entscheidungsfindung einschlie\u00dflich Profiling gem\u00e4\u00df Art. 22 Abs. 1 und 4 DSGVO und \u2013 zumindest in diesen F\u00e4llen \u2013 aussagekr\u00e4ftige Informationen \u00fcber die involvierte Logik sowie die Tragweite und die angestrebten Auswirkungen einer derartigen Verarbeitung f\u00fcr die betroffene Person. Ihnen steht das Recht zu, Auskunft dar\u00fcber zu verlangen, ob die Sie betreffenden personenbezogenen Daten in ein Drittland oder an eine internationale Organisation \u00fcbermittelt werden. In diesem Zusammenhang k\u00f6nnen Sie verlangen, \u00fcber die geeigneten Garantien gem. Art. 46 DSGVO im Zusammenhang mit der \u00dcbermittlung unterrichtet zu werden.<\/p>\n<h3 id=\"2-recht-auf-berichtigung----art-16-dsgvo\">2. Recht auf Berichtigung \u2013 Art 16 DSGVO<\/h3>\n<p>Sie haben ein Recht auf Berichtigung und\/oder Vervollst\u00e4ndigung gegen\u00fcber der FernUniversit\u00e4t, sofern die verarbeiteten personenbezogenen Daten, die Sie betreffen, unrichtig oder unvollst\u00e4ndig sind. Die FernUniversit\u00e4t hat die Berichtigung unverz\u00fcglich vorzunehmen.<\/p>\n<h3 id=\"3-recht-auf-einschr\u00e4nkung-der-verarbeitung---art-18-dsgvo\">3. Recht auf Einschr\u00e4nkung der Verarbeitung\u2013 Art 18 DSGVO<\/h3>\n<p>Unter den folgenden Voraussetzungen k\u00f6nnen Sie die Einschr\u00e4nkung der Verarbeitung der Sie betreffenden personenbezogenen Daten verlangen:<br \/>\n1. wenn Sie die Richtigkeit der Sie betreffenden personenbezogenen f\u00fcr eine Dauer bestreiten, die es dem Verantwortlichen erm\u00f6glicht, die Richtigkeit der personenbezogenen Daten zu \u00fcberpr\u00fcfen;<br \/>\n2. die Verarbeitung unrechtm\u00e4\u00dfig ist und Sie die L\u00f6schung der personenbezogenen Daten ablehnen und stattdessen die Einschr\u00e4nkung der Nutzung der personenbezogenen Daten verlangen;<br \/>\n3. der Verantwortliche die personenbezogenen Daten f\u00fcr die Zwecke der Verarbeitung nicht l\u00e4nger ben\u00f6tigt, Sie diese jedoch zur Geltendmachung, Aus\u00fcbung oder Verteidigung von Rechtsanspr\u00fcchen ben\u00f6tigen, oder<br \/>\n4. wenn Sie Widerspruch gegen die Verarbeitung gem\u00e4\u00df Art. 21 Abs. 1 DSGVO eingelegt haben und noch nicht feststeht, ob die berechtigten Gr\u00fcnde des Verantwortlichen gegen\u00fcber Ihren Gr\u00fcnden \u00fcberwiegen.<br \/>\nWurde die Verarbeitung der Sie betreffenden personenbezogenen Daten eingeschr\u00e4nkt, d\u00fcrfen diese Daten \u2013 von ihrer Speicherung abgesehen \u2013 nur mit Ihrer Einwilligung oder zur Geltendmachung, Aus\u00fcbung oder Verteidigung von Rechtsanspr\u00fcchen oder zum Schutz der Rechte einer anderen nat\u00fcrlichen oder juristischen Person oder aus<br \/>\nGr\u00fcnden eines wichtigen \u00f6ffentlichen Interesses der Union oder eines Mitgliedstaats verarbeitet werden. Wurde die Einschr\u00e4nkung der Verarbeitung nach den o.g. Voraussetzungen eingeschr\u00e4nkt, werden Sie von dem Verantwortlichen unterrichtet, bevor die Einschr\u00e4nkung aufgehoben wird.<br \/>\nBeschr\u00e4nkung des Rechts bei Datenverarbeitung zu wissenschaftlichen, historischen oder statistischen Forschungszwecken: Ihr o.g. Recht kann insoweit beschr\u00e4nkt werden, als es voraussichtlich die Verwirklichung der Forschungs- oder Statistikzwecke unm\u00f6glich macht oder ernsthaft beeintr\u00e4chtigt und die Beschr\u00e4nkung f\u00fcr die Erf\u00fcllung der Forschungs- oder Statistikzwecke notwendig ist.<\/p>\n<h3>4. Recht auf L\u00f6schung \u2013 Art 17 DSGVO<\/h3>\n<p>Unter den folgenden Voraussetzungen k\u00f6nnen Sie die L\u00f6schung der Sie betreffenden personenbezogenen Daten verlangen:<\/p>\n<p>1. Die Sie betreffenden personenbezogenen Daten sind f\u00fcr die Zwecke, f\u00fcr die sie erhoben oder auf sonstige Weise verarbeitet wurden, nicht mehr notwendig.<br \/>\n2. Sie widerrufen Ihre Einwilligung, auf die sich die Verarbeitung gem. Art. 6 Abs. 1 lit. a oder Art. 9 Abs. 2 lit. a DSGVO st\u00fctzte, und es fehlt an einer anderweitigen Rechtsgrundlage f\u00fcr die Verarbeitung.<br \/>\n3. Sie legen gem. Art. 21 Abs. 1 DSGVO Widerspruch gegen die Verarbeitung ein und es liegen keine vorrangigen berechtigten Gr\u00fcnde f\u00fcr die Verarbeitung vor, oder Sie legen gem. Art. 21 Abs. 2 DSGVO Widerspruch gegen die Verarbeitung ein.<br \/>\n4. Die Sie betreffenden personenbezogenen Daten wurden unrechtm\u00e4\u00dfig verarbeitet.<br \/>\n5. Die L\u00f6schung der Sie betreffenden personenbezogenen Daten ist zur Erf\u00fcllung einer rechtlichen Verpflichtung nach dem Unionsrecht oder dem Recht der Mitgliedstaaten erforderlich, dem der Verantwortliche unterliegt.<br \/>\n6. Die Sie betreffenden personenbezogenen Daten wurden in Bezug auf angebotene Dienste der Informationsgesellschaft gem\u00e4\u00df Art. 8 Abs. 1 DSGVO erhoben.<br \/>\nAusnahmen: Das Recht auf L\u00f6schung besteht nicht, soweit die Verarbeitung erforderlich ist<br \/>\n1. zur Aus\u00fcbung des Rechts auf freie Meinungs\u00e4u\u00dferung und Information;<br \/>\n2. zur Erf\u00fcllung einer rechtlichen Verpflichtung, die die Verarbeitung nach dem Recht der Union oder der Mitgliedstaaten, dem der Verantwortliche unterliegt, erfordert, oder zur Wahrnehmung einer Aufgabe, die im \u00f6ffentlichen Interesse liegt oder in Aus\u00fcbung \u00f6ffentlicher Gewalt erfolgt, die dem Verantwortlichen \u00fcbertragen wurde;<br \/>\n3. aus Gr\u00fcnden des \u00f6ffentlichen Interesses im Bereich der \u00f6ffentlichen Gesundheit gem\u00e4\u00df Art. 9 Abs. 2 lit. h und i sowie Art. 9 Abs. 3 DSGVO;<br \/>\n4. f\u00fcr im \u00f6ffentlichen Interesse liegende Archivzwecke, wissenschaftliche oder historische Forschungszwecke oder f\u00fcr statistische Zwecke gem. Art. 89 Abs. 1 DSGVO, soweit das unter Abschnitt a) genannte Recht voraussichtlich die Verwirklichung der Ziele dieser Verarbeitung unm\u00f6glich macht oder ernsthaft beeintr\u00e4chtigt, oder<br \/>\n5. zur Geltendmachung, Aus\u00fcbung oder Verteidigung von Rechtsanspr\u00fcchen.<\/p>\n<h3 id=\"5-recht-auf-unterrichtung----art-19-dsgvo\">5. Recht auf Unterrichtung \u2013 Art 19 DSGVO<\/h3>\n<p>Haben Sie das Recht auf Berichtigung, L\u00f6schung oder Einschr\u00e4nkung der Verarbeitung gegen\u00fcber dem Verantwortlichen geltend gemacht, ist dieser verpflichtet, allen Empf\u00e4ngern, denen die Sie betreffenden personenbezogenen Daten offengelegt wurden, diese Berichtigung oder L\u00f6schung der Daten oder Einschr\u00e4nkung der Verarbeitung mitzuteilen, es sei denn, dies erweist sich als unm\u00f6glich oder ist mit einem unverh\u00e4ltnism\u00e4\u00dfigen Aufwand verbunden. Ihnen steht gegen\u00fcber dem Verantwortlichen das Recht zu, \u00fcber diese Empf\u00e4nger unterrichtet zu werden.<\/p>\n<h3 id=\"6-recht-auf-widerruf-der-datenschutzrechtlichen-einwilligungserkl\u00e4rung----art-7-abs-3-dsgvo\">6. Recht auf Widerruf der datenschutzrechtlichen Einwilligungserkl\u00e4rung \u2013 Art 7 Abs. 3 DSGVO<\/h3>\n<p>Sie haben das Recht, Ihre datenschutzrechtliche Einwilligungserkl\u00e4rung jederzeit zu widerrufen. Durch den Widerruf der Einwilligung wird die Rechtm\u00e4\u00dfigkeit der aufgrund der Einwilligung bis zum Widerruf erfolgten Verarbeitung nicht ber\u00fchrt. Den Widerruf richten Sie bitte formlos an die Daten f\u00fchrende Stelle, der gegen\u00fcber Sie in die Datenverarbeitung eingewilligt haben, z.B. an ein Lehrgebiet f\u00fcr Daten im Rahmen eines Forschungsprojektes.<\/p>\n<h3 id=\"7-widerspruchsrecht----art-21-dsgvo\">7. Widerspruchsrecht \u2013 Art 21 DSGVO<\/h3>\n<p>Sie haben das Recht, aus Gr\u00fcnden, die sich aus ihrer besonderen Situation ergeben, jederzeit gegen die Verarbeitung der Sie betreffenden personenbezogenen Daten, die aufgrund von Art. 6 Abs. 1 lit. e oder f DSGVO erfolgt, Widerspruch einzulegen; dies gilt auch f\u00fcr ein auf diese Bestimmungen gest\u00fctztes Profiling. Der Verantwortliche verarbeitet die Sie betreffenden personenbezogenen Daten nicht mehr, es sei denn, er kann zwingende schutzw\u00fcrdige Gr\u00fcnde f\u00fcr die Verarbeitung nachweisen, die Ihre Interessen, Rechte und Freiheiten \u00fcberwiegen, oder die Verarbeitung dient der Geltendmachung, Aus\u00fcbung oder Verteidigung von Rechtsanspr\u00fcchen.<br \/>\nWerden die Sie betreffenden personenbezogenen Daten verarbeitet, um Direktwerbung zu betreiben, haben Sie das Recht, jederzeit Widerspruch gegen die Verarbeitung der Sie betreffenden personenbezogenen Daten zum Zwecke derartiger Werbung einzulegen; dies gilt auch f\u00fcr das Profiling, soweit es mit solcher Direktwerbung in Verbindung steht. Widersprechen Sie der Verarbeitung f\u00fcr Zwecke der Direktwerbung, so werden die Sie betreffenden personenbezogenen Daten nicht mehr f\u00fcr diese Zwecke verarbeitet.<br \/>\nSie haben die M\u00f6glichkeit, im Zusammenhang mit der Nutzung von Diensten der Informationsgesellschaft \u2013 ungeachtet der Richtlinie 2002\/58\/EG \u2013 Ihr Widerspruchsrecht mittels automatisierter Verfahren auszu\u00fcben, bei denen technische Spezifikationen verwendet werden.<br \/>\nBeschr\u00e4nkung des Rechts bei Datenverarbeitung zu wissenschaftlichen, historischen oder statistischen Forschungszwecken: Sie haben auch das Recht,<br \/>\naus Gr\u00fcnden, die sich aus Ihrer besonderen Situation ergeben, bei der Verarbeitung Sie betreffender personenbezogener Daten, die zu wissenschaftlichen oder historischen Forschungszwecken oder zu statistischen Zwecken gem. Art. 89 Abs. 1 DSGVO erfolgt, dieser zu widersprechen.<br \/>\nIhr Widerspruchsrecht kann insoweit beschr\u00e4nkt werden, als es voraussichtlich die Verwirklichung der Forschungs- oder Statistikzwecke unm\u00f6glich macht oder ernsthaft beeintr\u00e4chtigt und die Beschr\u00e4nkung f\u00fcr die Erf\u00fcllung der Forschungs- oder Statistikzwecke notwendig ist.<\/p>\n<h3 id=\"8-recht-auf-beschwerde-bei-einer-aufsichtsbeh\u00f6rde----art-77-dsgvo\">8. Recht auf Beschwerde bei einer Aufsichtsbeh\u00f6rde \u2013 Art 77 DSGVO<\/h3>\n<p>Unbeschadet eines anderweitigen verwaltungsrechtlichen oder gerichtlichen Rechtsbehelfs steht Ihnen das Recht auf Beschwerde bei einer Aufsichtsbeh\u00f6rde, insbesondere in dem Mitgliedstaat ihres Aufenthaltsorts, ihres Arbeitsplatzes oder des Orts des mutma\u00dflichen Versto\u00dfes, zu, wenn Sie der Ansicht sind, dass die Verarbeitung der Sie betreffenden personenbezogenen Daten gegen die DSGVO verst\u00f6\u00dft.<br \/>\nDie Aufsichtsbeh\u00f6rde, bei der die Beschwerde eingereicht wurde, unterrichtet den Beschwerdef\u00fchrer \u00fcber den Stand und die Ergebnisse der Beschwerde einschlie\u00dflich der M\u00f6glichkeit eines gerichtlichen Rechtsbehelfs nach Art. 78 DSGVO. Die Aufsichtsbeh\u00f6rde der FernUniversit\u00e4t in Hagen ist die\/der Landesdatenschutzbeauftragte<br \/>\ndes Landes Nordrhein-Westfalen.<br \/>\nPostanschrift:<br \/>\nLandesbeauftragte f\u00fcr Datenschutz und Informationsfreiheit Nordrhein-Westfalen<br \/>\nPostfach 20 04 44<br \/>\n40102 D\u00fcsseldorf<br \/>\n<a class=\"url\" href=\"https:\/\/www.ldi.nrw.de\/\" target=\"_blank\" rel=\"noopener\">https:\/\/www.ldi.nrw.de\/<\/a><br \/>\n<a href=\"https:\/\/www.ldi.nrw.de\/kontakt\">https:\/\/www.ldi.nrw.de\/kontakt<\/a><\/p>\n","protected":false},"excerpt":{"rendered":"<p>I. Name und Anschrift des Verantwortlichen Die Verantwortliche im Sinne der EU-Datenschutz-Grundverordnung und der jeweils einschl\u00e4gigen nationalen Datenschutzgesetze der Mitgliedsstaaten sowie sonstiger datenschutzrechtlicher Bestimmungen (\u201eStelle, die \u00fcber die Zwecke und Mittel der Verarbeitung personenbezogener Daten entscheidet\u201c) ist die FernUniversit\u00e4t in Hagen Universit\u00e4tsstra\u00dfe 47 58097 Hagen K\u00f6rperschaft des \u00d6ffentlichen Rechts vertreten durch die Rektorin Tel.: +49 [&hellip;]<\/p>\n","protected":false},"author":1,"featured_media":0,"parent":0,"menu_order":0,"comment_status":"closed","ping_status":"open","template":"","meta":{"footnotes":""},"class_list":["post-3","page","type-page","status-publish","hentry"],"_links":{"self":[{"href":"https:\/\/www.fernuni-hagen.de\/digitale-hermeneutik\/wp-json\/wp\/v2\/pages\/3","targetHints":{"allow":["GET"]}}],"collection":[{"href":"https:\/\/www.fernuni-hagen.de\/digitale-hermeneutik\/wp-json\/wp\/v2\/pages"}],"about":[{"href":"https:\/\/www.fernuni-hagen.de\/digitale-hermeneutik\/wp-json\/wp\/v2\/types\/page"}],"author":[{"embeddable":true,"href":"https:\/\/www.fernuni-hagen.de\/digitale-hermeneutik\/wp-json\/wp\/v2\/users\/1"}],"replies":[{"embeddable":true,"href":"https:\/\/www.fernuni-hagen.de\/digitale-hermeneutik\/wp-json\/wp\/v2\/comments?post=3"}],"version-history":[{"count":3,"href":"https:\/\/www.fernuni-hagen.de\/digitale-hermeneutik\/wp-json\/wp\/v2\/pages\/3\/revisions"}],"predecessor-version":[{"id":618,"href":"https:\/\/www.fernuni-hagen.de\/digitale-hermeneutik\/wp-json\/wp\/v2\/pages\/3\/revisions\/618"}],"wp:attachment":[{"href":"https:\/\/www.fernuni-hagen.de\/digitale-hermeneutik\/wp-json\/wp\/v2\/media?parent=3"}],"curies":[{"name":"wp","href":"https:\/\/api.w.org\/{rel}","templated":true}]}}