{"id":57,"date":"2022-04-12T17:51:16","date_gmt":"2022-04-12T15:51:16","guid":{"rendered":"https:\/\/www.fernuni-hagen.de\/digitale-hermeneutik\/?page_id=57"},"modified":"2022-05-17T09:42:38","modified_gmt":"2022-05-17T07:42:38","slug":"zeitlicher-ablauf","status":"publish","type":"page","link":"https:\/\/www.fernuni-hagen.de\/digitale-hermeneutik\/zeitlicher-ablauf\/","title":{"rendered":"Programm Chronologisch"},"content":{"rendered":"\n<h2 class=\"wp-block-heading\">Tag 1: <br>Mittwoch, der 29. 6. 2022<\/h2>\n\n\n\n<figure class=\"wp-block-table is-style-regular\"><table><tbody><tr><td>10:30<\/td><td><em>Anreise und Anmeldung<\/em><\/td><\/tr><tr><td>12:30<\/td><td>Begr\u00fc\u00dfung<\/td><\/tr><tr><td>13:00<\/td><td>Panel 1: Ingo Dachwitz<br>Panel 2: Matthias Kettner; Johannes Schmidt; Daniel Irrgang<\/td><\/tr><tr><td>15:00<\/td><td><em>Kaffeepause<\/em><\/td><\/tr><tr><td>15:30<\/td><td>Panel 3: Ioanna Georgiou; Birgit Dahlke, J\u00f6rn Kreutel, Thomas M\u00f6bius; Marcus Feldbr\u00fcgge<br>Panel 4: Nils Jablonski; Konstanze Marx; Interview \u201e@Im_Alter_Fische\u201c Nils Jablonski<\/td><\/tr><tr><td>17:30<\/td><td><em>Pause<\/em><\/td><\/tr><tr><td>18:00<\/td><td>Ver\u00adlags\u00ader\u00ad\u00f6ff\u00adnung&nbsp;Hagen University Press<\/td><\/tr><\/tbody><\/table><\/figure>\n\n\n\n<h2 class=\"wp-block-heading\">Tag 2: <br>Donnerstag, der 30. 6. 2022<\/h2>\n\n\n\n<figure class=\"wp-block-table is-style-regular\"><table><tbody><tr><td>9:00<\/td><td>Kleine Form: Berit Glanz<\/td><\/tr><tr><td>10:00<\/td><td><em>Pause<\/em><\/td><\/tr><tr><td>10:15<\/td><td>Panel 1: Alberto Romele; Miklas Schulz; Andreas Beinsteiner<br>Panel 2: Andreas Kaminski; Jan S\u00f6ffner<br>Panel 4: Workshop mit Studierenden der Digital Humanities<\/td><\/tr><tr><td>12:15<\/td><td><em>Mittagspause<\/em><\/td><\/tr><tr><td>13:15<\/td><td>Panel 3: Melanie Althage, Cinderella Petz, Melanie Seltmann; Michael Niehaus; Philipp Bayerschmidt<br>Panel 4: Simon Roloff; Bernhard Dotzler<\/td><\/tr><tr><td>15:15<\/td><td><em>Kaffeepause<\/em><\/td><\/tr><tr><td>15:45<\/td><td>Panel 1: Jennifer Eickelmann; Sergio Genovesi &amp; Julia M\u00f6nig<br>Panel 2: Workshop mit Georg Trogemann<\/td><\/tr><tr><td>17:45<\/td><td><em>Pause<\/em><\/td><\/tr><tr><td>18:00<\/td><td>Aus\u00ad\u00adstellungs\u00ader\u00f6ffnung: Machine in Residenz&nbsp;und \u201eUnboxing Kittler?\u201c<\/td><\/tr><tr><td>19:00<\/td><td><em>Pause<\/em><\/td><\/tr><tr><td>20:30<\/td><td>E.N.D.E. \u2013 Essener Noise Dub Ensemble und Abendausklang mit DJ<\/td><\/tr><\/tbody><\/table><\/figure>\n\n\n\n<h2 class=\"wp-block-heading\">Tag 3: <br>Freitag, der 1. 7. 2022<\/h2>\n\n\n\n<figure class=\"wp-block-table is-style-regular\"><table><tbody><tr><td>9:00<\/td><td>Kleine Form: Hannes Bajohr<\/td><\/tr><tr><td>10:00<\/td><td><em>Pause<\/em><\/td><\/tr><tr><td>10:15<\/td><td>Panel 4: Toni Bernhard; Till Heilmann<br>Panel 2: Fabio Lieder &amp; Burkhard Sch\u00e4ffer; Sandra Hofhues; Tanja Diane Karen Klankert<\/td><\/tr><tr><td>12:15<\/td><td><em>Pause<\/em><\/td><\/tr><tr><td>12:30<\/td><td>Ab\u00adschluss\u00addis\u00adkus\u00adsi\u00adon<\/td><\/tr><tr><td>13:30<\/td><td><em>Abreise<\/em><\/td><\/tr><\/tbody><\/table><\/figure>\n\n\n\n<p><\/p>\n","protected":false},"excerpt":{"rendered":"<p>Tag 1: Mittwoch, der 29. 6. 2022 10:30 Anreise und Anmeldung 12:30 Begr\u00fc\u00dfung 13:00 Panel 1: Ingo DachwitzPanel 2: Matthias Kettner; Johannes Schmidt; Daniel Irrgang 15:00 Kaffeepause 15:30 Panel 3: Ioanna Georgiou; Birgit Dahlke, J\u00f6rn Kreutel, Thomas M\u00f6bius; Marcus Feldbr\u00fcggePanel 4: Nils Jablonski; Konstanze Marx; Interview \u201e@Im_Alter_Fische\u201c Nils Jablonski 17:30 Pause 18:00 Ver\u00adlags\u00ader\u00ad\u00f6ff\u00adnung&nbsp;Hagen University Press [&hellip;]<\/p>\n","protected":false},"author":4,"featured_media":0,"parent":0,"menu_order":0,"comment_status":"closed","ping_status":"closed","template":"","meta":{"footnotes":""},"class_list":["post-57","page","type-page","status-publish","hentry"],"_links":{"self":[{"href":"https:\/\/www.fernuni-hagen.de\/digitale-hermeneutik\/wp-json\/wp\/v2\/pages\/57","targetHints":{"allow":["GET"]}}],"collection":[{"href":"https:\/\/www.fernuni-hagen.de\/digitale-hermeneutik\/wp-json\/wp\/v2\/pages"}],"about":[{"href":"https:\/\/www.fernuni-hagen.de\/digitale-hermeneutik\/wp-json\/wp\/v2\/types\/page"}],"author":[{"embeddable":true,"href":"https:\/\/www.fernuni-hagen.de\/digitale-hermeneutik\/wp-json\/wp\/v2\/users\/4"}],"replies":[{"embeddable":true,"href":"https:\/\/www.fernuni-hagen.de\/digitale-hermeneutik\/wp-json\/wp\/v2\/comments?post=57"}],"version-history":[{"count":8,"href":"https:\/\/www.fernuni-hagen.de\/digitale-hermeneutik\/wp-json\/wp\/v2\/pages\/57\/revisions"}],"predecessor-version":[{"id":507,"href":"https:\/\/www.fernuni-hagen.de\/digitale-hermeneutik\/wp-json\/wp\/v2\/pages\/57\/revisions\/507"}],"wp:attachment":[{"href":"https:\/\/www.fernuni-hagen.de\/digitale-hermeneutik\/wp-json\/wp\/v2\/media?parent=57"}],"curies":[{"name":"wp","href":"https:\/\/api.w.org\/{rel}","templated":true}]}}