{"id":85,"date":"2022-04-17T14:29:35","date_gmt":"2022-04-17T12:29:35","guid":{"rendered":"https:\/\/www.fernuni-hagen.de\/digitale-hermeneutik\/?page_id=85"},"modified":"2022-06-28T13:12:50","modified_gmt":"2022-06-28T11:12:50","slug":"home","status":"publish","type":"page","link":"https:\/\/www.fernuni-hagen.de\/digitale-hermeneutik\/","title":{"rendered":"Digitale Hermeneutik: Maschinen, Verfahren, Sinn"},"content":{"rendered":"\n<p>Im vielstimmig ausgerufenen Zeitalter der Digitalisierung schulen nicht allein nur Dichter*innen auf Programmierer*innen um um. Auch die Geistes- und Kulturwissenschaften gebrauchen und entwickeln l\u00e4ngst selbst Algorithmen, verdaten jenen Sinn, \u00fcber den sie nicht mehr allein die Deutungshoheit beanspruchen k\u00f6nnen.&nbsp;<\/p>\n\n\n\n<p>Die Jahrestagung des Forschungsschwerpunkts&nbsp;<em>digitale_kultur<\/em>&nbsp;fragt transdisziplin\u00e4r nach jenen Herausforderungen, die sich dem Verstehen, dem Sinn, kurzum der&nbsp;<em>Hermeneutik<\/em>&nbsp;stellen, wenn Algorithmen, Programme, Maschinen und andere technische Verfahren an ihm&nbsp;mitarbeiten.<\/p>\n\n\n\n<p>Die Tagung findet statt in Kooperation mit der <a href=\"https:\/\/digiphaen2022.ophen.org\/\">Summer School<\/a> der <a href=\"http:\/\/phaenomenologische-forschung.de\/\">DGPF<\/a>.<\/p>\n\n\n\n<p>Download des Programms als <a href=\"https:\/\/www.fernuni-hagen.de\/forschung\/schwerpunkte\/digitale-kultur\/docs\/programmjahrestagung2022.pdf\">Pdf<\/a>.<\/p>\n","protected":false},"excerpt":{"rendered":"<p>Im vielstimmig ausgerufenen Zeitalter der Digitalisierung schulen nicht allein nur Dichter*innen auf Programmierer*innen um um. Auch die Geistes- und Kulturwissenschaften gebrauchen und entwickeln l\u00e4ngst selbst Algorithmen, verdaten jenen Sinn, \u00fcber den sie nicht mehr allein die Deutungshoheit beanspruchen k\u00f6nnen.&nbsp; Die Jahrestagung des Forschungsschwerpunkts&nbsp;digitale_kultur&nbsp;fragt transdisziplin\u00e4r nach jenen Herausforderungen, die sich dem Verstehen, dem Sinn, kurzum der&nbsp;Hermeneutik&nbsp;stellen, [&hellip;]<\/p>\n","protected":false},"author":4,"featured_media":0,"parent":0,"menu_order":0,"comment_status":"closed","ping_status":"closed","template":"","meta":{"footnotes":""},"class_list":["post-85","page","type-page","status-publish","hentry"],"_links":{"self":[{"href":"https:\/\/www.fernuni-hagen.de\/digitale-hermeneutik\/wp-json\/wp\/v2\/pages\/85","targetHints":{"allow":["GET"]}}],"collection":[{"href":"https:\/\/www.fernuni-hagen.de\/digitale-hermeneutik\/wp-json\/wp\/v2\/pages"}],"about":[{"href":"https:\/\/www.fernuni-hagen.de\/digitale-hermeneutik\/wp-json\/wp\/v2\/types\/page"}],"author":[{"embeddable":true,"href":"https:\/\/www.fernuni-hagen.de\/digitale-hermeneutik\/wp-json\/wp\/v2\/users\/4"}],"replies":[{"embeddable":true,"href":"https:\/\/www.fernuni-hagen.de\/digitale-hermeneutik\/wp-json\/wp\/v2\/comments?post=85"}],"version-history":[{"count":8,"href":"https:\/\/www.fernuni-hagen.de\/digitale-hermeneutik\/wp-json\/wp\/v2\/pages\/85\/revisions"}],"predecessor-version":[{"id":570,"href":"https:\/\/www.fernuni-hagen.de\/digitale-hermeneutik\/wp-json\/wp\/v2\/pages\/85\/revisions\/570"}],"wp:attachment":[{"href":"https:\/\/www.fernuni-hagen.de\/digitale-hermeneutik\/wp-json\/wp\/v2\/media?parent=85"}],"curies":[{"name":"wp","href":"https:\/\/api.w.org\/{rel}","templated":true}]}}